{"id":775,"date":"2025-05-28T21:35:42","date_gmt":"2025-05-28T21:35:42","guid":{"rendered":"https:\/\/tuttomangiamo.com.br\/?page_id=775"},"modified":"2025-05-28T22:33:01","modified_gmt":"2025-05-28T22:33:01","slug":"eventos","status":"publish","type":"page","link":"https:\/\/tuttomangiamo.com.br\/?page_id=775","title":{"rendered":"Eventos"},"content":{"rendered":"\t\t<div data-elementor-type=\"wp-page\" data-elementor-id=\"775\" class=\"elementor elementor-775\" data-elementor-post-type=\"page\">\n\t\t\t\t<div class=\"elementor-element elementor-element-2995f3a e-flex e-con-boxed e-con e-parent\" data-id=\"2995f3a\" data-element_type=\"container\" data-settings=\"{&quot;background_background&quot;:&quot;classic&quot;}\">\n\t\t\t\t\t<div class=\"e-con-inner\">\n\t\t\t\t<div class=\"elementor-element elementor-element-180600d elementor-widget elementor-widget-heading\" data-id=\"180600d\" data-element_type=\"widget\" data-widget_type=\"heading.default\">\n\t\t\t\t<div class=\"elementor-widget-container\">\n\t\t\t\t\t<h2 class=\"elementor-heading-title elementor-size-default\">Sua celebra\u00e7\u00e3o merece um cen\u00e1rio italiano de verdade<\/h2>\t\t\t\t<\/div>\n\t\t\t\t<\/div>\n\t\t\t\t<div class=\"elementor-element elementor-element-3194c24 elementor-widget elementor-widget-text-editor\" data-id=\"3194c24\" data-element_type=\"widget\" data-widget_type=\"text-editor.default\">\n\t\t\t\t<div class=\"elementor-widget-container\">\n\t\t\t\t\t\t\t\t\t<p>Reserve seu evento no Tutto \u2014 e transforme cada detalhe em uma lembran\u00e7a inesquec\u00edvel.<\/p>\t\t\t\t\t\t\t\t<\/div>\n\t\t\t\t<\/div>\n\t\t\t\t<div class=\"elementor-element elementor-element-9af6b71 elementor-widget elementor-widget-text-editor\" data-id=\"9af6b71\" data-element_type=\"widget\" data-widget_type=\"text-editor.default\">\n\t\t\t\t<div class=\"elementor-widget-container\">\n\t\t\t\t\t\t\t\t\t<p>Seja um anivers\u00e1rio \u00edntimo, um jantar corporativo ou aquele reencontro especial&#8230; Aqui, cada mesa vira palco de boas hist\u00f3rias, bons brindes e pratos servidos com alma.<\/p>\t\t\t\t\t\t\t\t<\/div>\n\t\t\t\t<\/div>\n\t\t\t\t<div class=\"elementor-element elementor-element-2b83def elementor-icon-list--layout-inline elementor-align-center elementor-mobile-align-left elementor-list-item-link-full_width elementor-widget elementor-widget-icon-list\" data-id=\"2b83def\" data-element_type=\"widget\" data-widget_type=\"icon-list.default\">\n\t\t\t\t<div class=\"elementor-widget-container\">\n\t\t\t\t\t\t\t<ul class=\"elementor-icon-list-items elementor-inline-items\">\n\t\t\t\t\t\t\t<li class=\"elementor-icon-list-item elementor-inline-item\">\n\t\t\t\t\t\t\t\t\t\t\t<span class=\"elementor-icon-list-icon\">\n\t\t\t\t\t\t\t<svg xmlns=\"http:\/\/www.w3.org\/2000\/svg\" xmlns:xlink=\"http:\/\/www.w3.org\/1999\/xlink\" id=\"Capa_1\" x=\"0px\" y=\"0px\" viewBox=\"0 0 59 59\" style=\"enable-background:new 0 0 59 59;\" xml:space=\"preserve\"><path d=\"M44.5,15c0-8.271-6.729-15-15-15s-15,6.729-15,15c0,7.934,6.195,14.431,14,14.949V58c0,0.553,0.448,1,1,1s1-0.447,1-1 V29.949C38.305,29.431,44.5,22.934,44.5,15z M24.5,15c-2.206,0-4-1.794-4-4s1.794-4,4-4s4,1.794,4,4S26.706,15,24.5,15z\"><\/path><g><\/g><g><\/g><g><\/g><g><\/g><g><\/g><g><\/g><g><\/g><g><\/g><g><\/g><g><\/g><g><\/g><g><\/g><g><\/g><g><\/g><g><\/g><\/svg>\t\t\t\t\t\t<\/span>\n\t\t\t\t\t\t\t\t\t\t<span class=\"elementor-icon-list-text\">Local tradicional na Zona Norte<\/span>\n\t\t\t\t\t\t\t\t\t<\/li>\n\t\t\t\t\t\t\t\t<li class=\"elementor-icon-list-item elementor-inline-item\">\n\t\t\t\t\t\t\t\t\t\t\t<span class=\"elementor-icon-list-icon\">\n\t\t\t\t\t\t\t<svg xmlns=\"http:\/\/www.w3.org\/2000\/svg\" id=\"Line_icons\" height=\"170\" viewBox=\"0 0 170 170\" width=\"170\"><g><path d=\"m90 109.614c4.594-1.172 12.218-3.674 19.565-8.597 10.759-7.21 22.873-20.99 19.571-45.722-.166-2.366-1.877-23.155-12.124-47.252l-1.294-3.043h-61.436l-1.294 3.043c-10.247 24.098-11.959 44.887-12.124 47.252-3.302 24.732 8.812 38.512 19.571 45.722 7.347 4.923 14.972 7.425 19.565 8.597v41.716l-32.762 3.701.561 9.969h74.345l.561-9.968-32.705-3.695zm-23.999-16.904c-12.247-8.207-17.362-20.399-15.206-36.24l.036-.363c.013-.195 1.292-19.001 10.106-41.107h48.127c8.813 22.106 10.092 40.912 10.104 41.103l.037.368c4.794 35.218-28.55 42.976-34.195 44.03-2.485-.478-10.988-2.416-19.009-7.791z\"><\/path><path d=\"m114.25 57.15-.05-.37-.02-.37c0-.05-.11-1.64-.48-4.41h-57.4c-.37 2.77-.48 4.37-.48 4.43l-.02.35-.05.37c-1.88 13.78 2.24 23.95 12.57 31.09 3.27 2.26 6.71 3.89 9.7 5.03 4.48 1.71 9.46 1.71 13.95 0 2.99-1.14 6.43-2.76 9.71-5.03 10.33-7.14 14.45-17.31 12.57-31.09z\"><\/path><\/g><\/svg>\t\t\t\t\t\t<\/span>\n\t\t\t\t\t\t\t\t\t\t<span class=\"elementor-icon-list-text\">Adega pr\u00f3pria e card\u00e1pio italiano aut\u00eantico<\/span>\n\t\t\t\t\t\t\t\t\t<\/li>\n\t\t\t\t\t\t\t\t<li class=\"elementor-icon-list-item elementor-inline-item\">\n\t\t\t\t\t\t\t\t\t\t\t<span class=\"elementor-icon-list-icon\">\n\t\t\t\t\t\t\t<svg xmlns=\"http:\/\/www.w3.org\/2000\/svg\" id=\"Capa_1\" height=\"512\" viewBox=\"0 0 512 512\" width=\"512\"><g><path d=\"m164.856 356.137-31.834 6.052c-30.069 5.718-52.653 27.356-57.613 55.166l-16.087 76.561c-.93 4.422.185 9.028 3.033 12.537s7.126 5.547 11.645 5.547h101.999v-78.011c0-5.347 2.846-10.29 7.471-12.974l48.615-28.213c-26.16-5.034-49.478-18.157-67.229-36.665z\"><\/path><path d=\"m452.678 493.911-16.115-76.572c-4.966-27.802-27.551-49.432-57.617-55.144l-31.817-6.044c-11.87 12.372-26.231 22.332-42.262 29.084-.076.046-98.868 57.392-98.868 57.392v69.373h232c4.52 0 8.799-2.038 11.647-5.549 2.849-3.51 3.963-8.117 3.032-12.54zm-191.678-17.91h-10c-8.284 0-15-6.716-15-15s6.716-15 15-15h10c8.284 0 15 6.716 15 15s-6.716 15-15 15z\"><\/path><path d=\"m159.499 172.394h193v30.181h-193z\"><\/path><path d=\"m159.499 125.406v16.988h193v-16.988c19.421-9.204 32.137-28.98 32.137-50.771 0-30.965-25.192-56.157-56.158-56.157-7.268 0-14.483 1.418-21.173 4.136-13.155-14.442-31.537-22.614-51.306-22.614s-38.151 8.171-51.306 22.613c-6.69-2.718-13.905-4.136-21.174-4.136-30.965 0-56.157 25.192-56.157 56.157 0 21.792 12.716 41.568 32.137 50.772z\"><\/path><path d=\"m255.999 365.082c53.115 0 96.328-43.212 96.328-96.327v-36.18h-192.655v36.18c0 53.115 43.212 96.327 96.327 96.327z\"><\/path><\/g><\/svg>\t\t\t\t\t\t<\/span>\n\t\t\t\t\t\t\t\t\t\t<span class=\"elementor-icon-list-text\">Equipe dedicada para eventos sob medida<\/span>\n\t\t\t\t\t\t\t\t\t<\/li>\n\t\t\t\t\t\t<\/ul>\n\t\t\t\t\t\t<\/div>\n\t\t\t\t<\/div>\n\t\t\t\t<div class=\"elementor-element elementor-element-ef1e4ff elementor-widget elementor-widget-text-editor\" data-id=\"ef1e4ff\" data-element_type=\"widget\" data-widget_type=\"text-editor.default\">\n\t\t\t\t<div class=\"elementor-widget-container\">\n\t\t\t\t\t\t\t\t\t<p>Conte pra gente como podemos fazer do seu evento um momento memor\u00e1vel. Responder leva menos de 1 minuto.<\/p>\t\t\t\t\t\t\t\t<\/div>\n\t\t\t\t<\/div>\n\t\t\t\t<div class=\"elementor-element elementor-element-f872c98 elementor-widget__width-initial elementor-button-align-stretch elementor-widget elementor-widget-form\" data-id=\"f872c98\" data-element_type=\"widget\" data-settings=\"{&quot;step_next_label&quot;:&quot;Next&quot;,&quot;step_previous_label&quot;:&quot;Previous&quot;,&quot;button_width&quot;:&quot;100&quot;,&quot;step_type&quot;:&quot;number_text&quot;,&quot;step_icon_shape&quot;:&quot;circle&quot;}\" data-widget_type=\"form.default\">\n\t\t\t\t<div class=\"elementor-widget-container\">\n\t\t\t\t\t\t\t<form class=\"elementor-form\" method=\"post\" name=\"Eventos\">\n\t\t\t<input type=\"hidden\" name=\"post_id\" value=\"775\"\/>\n\t\t\t<input type=\"hidden\" name=\"form_id\" value=\"f872c98\"\/>\n\t\t\t<input type=\"hidden\" name=\"referer_title\" value=\"Eventos\" \/>\n\n\t\t\t\t\t\t\t<input type=\"hidden\" name=\"queried_id\" value=\"775\"\/>\n\t\t\t\n\t\t\t<div class=\"elementor-form-fields-wrapper elementor-labels-above\">\n\t\t\t\t\t\t\t\t<div class=\"elementor-field-type-text elementor-field-group elementor-column elementor-field-group-nome elementor-col-50 elementor-field-required elementor-mark-required\">\n\t\t\t\t\t\t\t\t\t\t\t\t<label for=\"form-field-nome\" class=\"elementor-field-label\">\n\t\t\t\t\t\t\t\tName\t\t\t\t\t\t\t<\/label>\n\t\t\t\t\t\t\t\t\t\t\t\t\t\t<input size=\"1\" type=\"text\" name=\"form_fields[nome]\" id=\"form-field-nome\" class=\"elementor-field elementor-size-sm  elementor-field-textual\" placeholder=\"Insira seu nome\" required=\"required\">\n\t\t\t\t\t\t\t\t\t\t\t<\/div>\n\t\t\t\t\t\t\t\t<div class=\"elementor-field-type-text elementor-field-group elementor-column elementor-field-group-sobrenome elementor-col-50 elementor-field-required elementor-mark-required\">\n\t\t\t\t\t\t\t\t\t\t\t\t<label for=\"form-field-sobrenome\" class=\"elementor-field-label\">\n\t\t\t\t\t\t\t\tSobrenome\t\t\t\t\t\t\t<\/label>\n\t\t\t\t\t\t\t\t\t\t\t\t\t\t<input size=\"1\" type=\"text\" name=\"form_fields[sobrenome]\" id=\"form-field-sobrenome\" class=\"elementor-field elementor-size-sm  elementor-field-textual\" placeholder=\"Insira seu sobrenome\" required=\"required\">\n\t\t\t\t\t\t\t\t\t\t\t<\/div>\n\t\t\t\t\t\t\t\t<div class=\"elementor-field-type-email elementor-field-group elementor-column elementor-field-group-email elementor-col-50 elementor-field-required elementor-mark-required\">\n\t\t\t\t\t\t\t\t\t\t\t\t<label for=\"form-field-email\" class=\"elementor-field-label\">\n\t\t\t\t\t\t\t\tEmail\t\t\t\t\t\t\t<\/label>\n\t\t\t\t\t\t\t\t\t\t\t\t\t\t<input size=\"1\" type=\"email\" name=\"form_fields[email]\" id=\"form-field-email\" class=\"elementor-field elementor-size-sm  elementor-field-textual\" placeholder=\"Seu melhor email\" required=\"required\">\n\t\t\t\t\t\t\t\t\t\t\t<\/div>\n\t\t\t\t\t\t\t\t<div class=\"elementor-field-type-text elementor-field-group elementor-column elementor-field-group-telefone elementor-col-50 elementor-field-required elementor-mark-required\">\n\t\t\t\t\t\t\t\t\t\t\t\t<label for=\"form-field-telefone\" class=\"elementor-field-label\">\n\t\t\t\t\t\t\t\tTelefone\t\t\t\t\t\t\t<\/label>\n\t\t\t\t\t\t\t\t\t\t\t\t\t\t<input size=\"1\" type=\"text\" name=\"form_fields[telefone]\" id=\"form-field-telefone\" class=\"elementor-field elementor-size-sm  elementor-field-textual\" placeholder=\"Seu contato principal\" required=\"required\">\n\t\t\t\t\t\t\t\t\t\t\t<\/div>\n\t\t\t\t\t\t\t\t<div class=\"elementor-field-type-date elementor-field-group elementor-column elementor-field-group-data elementor-col-50 elementor-field-required elementor-mark-required\">\n\t\t\t\t\t\t\t\t\t\t\t\t<label for=\"form-field-data\" class=\"elementor-field-label\">\n\t\t\t\t\t\t\t\tData do Evento\t\t\t\t\t\t\t<\/label>\n\t\t\t\t\t\t\n\t\t<input type=\"date\" name=\"form_fields[data]\" id=\"form-field-data\" class=\"elementor-field elementor-size-sm  elementor-field-textual elementor-date-field elementor-use-native\" placeholder=\"Data do Evento\" required=\"required\" pattern=\"[0-9]{4}-[0-9]{2}-[0-9]{2}\" min=\"2025-05-28\">\n\t\t\t\t\t\t<\/div>\n\t\t\t\t\t\t\t\t<div class=\"elementor-field-type-number elementor-field-group elementor-column elementor-field-group-quantidade elementor-col-50 elementor-field-required elementor-mark-required\">\n\t\t\t\t\t\t\t\t\t\t\t\t<label for=\"form-field-quantidade\" class=\"elementor-field-label\">\n\t\t\t\t\t\t\t\tN\u00famero de Pessoas\t\t\t\t\t\t\t<\/label>\n\t\t\t\t\t\t\t\t\t<input type=\"number\" name=\"form_fields[quantidade]\" id=\"form-field-quantidade\" class=\"elementor-field elementor-size-sm  elementor-field-textual\" placeholder=\"Quantas pessoas v\u00e3o?\" required=\"required\" min=\"1\" max=\"\" >\n\t\t\t\t\t\t<\/div>\n\t\t\t\t\t\t\t\t<div class=\"elementor-field-type-select elementor-field-group elementor-column elementor-field-group-motivo elementor-col-50 elementor-field-required elementor-mark-required\">\n\t\t\t\t\t\t\t\t\t\t\t\t<label for=\"form-field-motivo\" class=\"elementor-field-label\">\n\t\t\t\t\t\t\t\tMotiva\u00e7\u00e3o do Evento\t\t\t\t\t\t\t<\/label>\n\t\t\t\t\t\t\t\t<div class=\"elementor-field elementor-select-wrapper remove-before \">\n\t\t\t<div class=\"select-caret-down-wrapper\">\n\t\t\t\t<svg aria-hidden=\"true\" class=\"e-font-icon-svg e-eicon-caret-down\" viewBox=\"0 0 571.4 571.4\" xmlns=\"http:\/\/www.w3.org\/2000\/svg\"><path d=\"M571 393Q571 407 561 418L311 668Q300 679 286 679T261 668L11 418Q0 407 0 393T11 368 36 357H536Q550 357 561 368T571 393Z\"><\/path><\/svg>\t\t\t<\/div>\n\t\t\t<select name=\"form_fields[motivo]\" id=\"form-field-motivo\" class=\"elementor-field-textual elementor-size-sm\" required=\"required\">\n\t\t\t\t\t\t\t\t\t<option value=\"\"><\/option>\n\t\t\t\t\t\t\t\t\t<option value=\"Anivers\u00e1rio\">Anivers\u00e1rio<\/option>\n\t\t\t\t\t\t\t\t\t<option value=\"Casamento\">Casamento<\/option>\n\t\t\t\t\t\t\t\t\t<option value=\"Batizado\">Batizado<\/option>\n\t\t\t\t\t\t\t\t\t<option value=\"Reuni\u00e3o Empresarial\">Reuni\u00e3o Empresarial<\/option>\n\t\t\t\t\t\t\t\t\t<option value=\"Reuni\u00e3o Pessoal\">Reuni\u00e3o Pessoal<\/option>\n\t\t\t\t\t\t\t\t\t<option value=\"Outros...\">Outros...<\/option>\n\t\t\t\t\t\t\t<\/select>\n\t\t<\/div>\n\t\t\t\t\t\t<\/div>\n\t\t\t\t\t\t\t\t<div class=\"elementor-field-type-text elementor-field-group elementor-column elementor-field-group-outros elementor-col-50\">\n\t\t\t\t\t\t\t\t\t\t\t\t<label for=\"form-field-outros\" class=\"elementor-field-label\">\n\t\t\t\t\t\t\t\t<span style='color: #FFF1DB'>Outros motivos<\/span>\t\t\t\t\t\t\t<\/label>\n\t\t\t\t\t\t\t\t\t\t\t\t\t\t<input size=\"1\" type=\"text\" name=\"form_fields[outros]\" id=\"form-field-outros\" class=\"elementor-field elementor-size-sm  elementor-field-textual\" placeholder=\"Outros...\">\n\t\t\t\t\t\t\t\t\t\t\t<\/div>\n\t\t\t\t\t\t\t\t<div class=\"elementor-field-group elementor-column elementor-field-type-submit elementor-col-100 e-form__buttons\">\n\t\t\t\t\t<button class=\"elementor-button elementor-size-sm\" type=\"submit\">\n\t\t\t\t\t\t<span class=\"elementor-button-content-wrapper\">\n\t\t\t\t\t\t\t\t\t\t\t\t\t\t\t\t\t\t\t\t\t\t<span class=\"elementor-button-text\">Quero Agendar Meu Evento<\/span>\n\t\t\t\t\t\t\t\t\t\t\t\t\t<\/span>\n\t\t\t\t\t<\/button>\n\t\t\t\t<\/div>\n\t\t\t<\/div>\n\t\t<\/form>\n\t\t\t\t\t\t<\/div>\n\t\t\t\t<\/div>\n\t\t\t\t<div class=\"elementor-element elementor-element-8e14e7f elementor-widget__width-initial elementor-widget elementor-widget-text-editor\" data-id=\"8e14e7f\" data-element_type=\"widget\" data-widget_type=\"text-editor.default\">\n\t\t\t\t<div class=\"elementor-widget-container\">\n\t\t\t\t\t\t\t\t\t<p>Respeitamos sua privacidade. Ao enviar este formul\u00e1rio, voc\u00ea concorda em ser contatado(a) pela equipe do Tutto Mangiamo exclusivamente sobre o seu evento. Nada de spam, s\u00f3 bons momentos \u00e0 vista.<\/p>\t\t\t\t\t\t\t\t<\/div>\n\t\t\t\t<\/div>\n\t\t\t\t<div class=\"elementor-element elementor-element-7808881 elementor-widget elementor-widget-html\" data-id=\"7808881\" data-element_type=\"widget\" data-widget_type=\"html.default\">\n\t\t\t\t<div class=\"elementor-widget-container\">\n\t\t\t\t\t<script>\n\/\/ M\u00e1scara de telefone formul\u00e1rio\n document.addEventListener(\"DOMContentLoaded\", function () {\n    const telInput = document.querySelector('[name=\"form_fields[telefone]\"]');\n\n    if (telInput) {\n      telInput.addEventListener(\"input\", function (e) {\n        let value = e.target.value.replace(\/\\D\/g, ''); \/\/ Remove tudo que n\u00e3o for n\u00famero\n\n        if (value.length > 10) {\n          value = value.slice(0, 10); \/\/ Limita a 10 d\u00edgitos\n        }\n\n        \/\/ Aplica a m\u00e1scara: (12) 3456-7890\n        let formatted = value;\n\n        if (value.length >= 1) {\n          formatted = '(' + value.substring(0, 2);\n        }\n        if (value.length >= 3) {\n          formatted += ') ' + value.substring(2, 6);\n        }\n        if (value.length >= 7) {\n          formatted += '-' + value.substring(6, 10);\n        }\n\n        e.target.value = formatted;\n      });\n    }\n  });\n  <\/script>\t\t\t\t<\/div>\n\t\t\t\t<\/div>\n\t\t\t\t\t<\/div>\n\t\t\t\t<\/div>\n\t\t\t\t<\/div>\n\t\t","protected":false},"excerpt":{"rendered":"<p>Sua celebra\u00e7\u00e3o merece um cen\u00e1rio italiano de verdade Reserve seu evento no Tutto \u2014 e transforme cada detalhe em uma lembran\u00e7a inesquec\u00edvel. Seja um anivers\u00e1rio \u00edntimo, um jantar corporativo ou aquele reencontro especial&#8230; Aqui, cada mesa vira palco de boas hist\u00f3rias, bons brindes e pratos servidos com alma. Local tradicional na Zona Norte Adega pr\u00f3pria [&hellip;]<\/p>\n","protected":false},"author":1,"featured_media":0,"parent":0,"menu_order":0,"comment_status":"closed","ping_status":"closed","template":"","meta":{"footnotes":""},"class_list":["post-775","page","type-page","status-publish","hentry"],"_links":{"self":[{"href":"https:\/\/tuttomangiamo.com.br\/index.php?rest_route=\/wp\/v2\/pages\/775","targetHints":{"allow":["GET"]}}],"collection":[{"href":"https:\/\/tuttomangiamo.com.br\/index.php?rest_route=\/wp\/v2\/pages"}],"about":[{"href":"https:\/\/tuttomangiamo.com.br\/index.php?rest_route=\/wp\/v2\/types\/page"}],"author":[{"embeddable":true,"href":"https:\/\/tuttomangiamo.com.br\/index.php?rest_route=\/wp\/v2\/users\/1"}],"replies":[{"embeddable":true,"href":"https:\/\/tuttomangiamo.com.br\/index.php?rest_route=%2Fwp%2Fv2%2Fcomments&post=775"}],"version-history":[{"count":64,"href":"https:\/\/tuttomangiamo.com.br\/index.php?rest_route=\/wp\/v2\/pages\/775\/revisions"}],"predecessor-version":[{"id":861,"href":"https:\/\/tuttomangiamo.com.br\/index.php?rest_route=\/wp\/v2\/pages\/775\/revisions\/861"}],"wp:attachment":[{"href":"https:\/\/tuttomangiamo.com.br\/index.php?rest_route=%2Fwp%2Fv2%2Fmedia&parent=775"}],"curies":[{"name":"wp","href":"https:\/\/api.w.org\/{rel}","templated":true}]}}